{"id":19,"date":"2018-01-08T17:16:24","date_gmt":"2018-01-08T17:16:24","guid":{"rendered":"http:\/\/babykurse-neuengamme.de\/?page_id=19"},"modified":"2018-02-01T22:07:22","modified_gmt":"2018-02-01T22:07:22","slug":"babymassage","status":"publish","type":"page","link":"https:\/\/babykurse-neuengamme.de\/?page_id=19","title":{"rendered":"Babymassage"},"content":{"rendered":"<h4><img loading=\"lazy\" decoding=\"async\" class=\"alignnone size-medium wp-image-103\" src=\"https:\/\/babykurse-neuengamme.de\/wp-content\/uploads\/2018\/02\/IMG_0567-300x200.jpg\" alt=\"\" width=\"300\" height=\"200\" srcset=\"https:\/\/babykurse-neuengamme.de\/wp-content\/uploads\/2018\/02\/IMG_0567-300x200.jpg 300w, https:\/\/babykurse-neuengamme.de\/wp-content\/uploads\/2018\/02\/IMG_0567-768x512.jpg 768w, https:\/\/babykurse-neuengamme.de\/wp-content\/uploads\/2018\/02\/IMG_0567-1024x683.jpg 1024w\" sizes=\"auto, (max-width: 300px) 100vw, 300px\" \/><\/h4>\n<h4>bedeutet innige Momente &#8211; tiefe Blicke voller Liebe &#8211; sanfte Streicheleinheiten f\u00fcr die Seele<\/h4>\n<h4>Warum ist Babymassage so wichtig f\u00fcr uns und unser Kind?<\/h4>\n<p>Babymassage st\u00e4rkt die Bindung zu unserem Kind, es &#8218;f\u00fchlt&#8216; sich sicher und geborgen. Uns Eltern macht es bewusst wie wir unser Kind ber\u00fchren und was unterschiedliche Ber\u00fchrungen ausl\u00f6sen k\u00f6nnen. Wir lernen unser Kind zu &#8218;begreifen&#8216;. Durch Ber\u00fchrung geben wir unserem Kind einen Vorrat an Vertrauen, Liebe und Selbstbewusstsein, das ist seelische Nahrung, die es zum Leben braucht.<\/p>\n<p>Wissenschaftliche Untersuchungen haben gezeigt, dass die Ber\u00fchrung der Haut \u00fcber deren nervliche Verbindungen zu den inneren Organen wirkt. Durch Massage, also intensivere Ber\u00fchrung, f\u00f6rdern wir die seelische und k\u00f6rperliche Entwicklung unseres Babys. Da sich sowohl die Art und Weise der Massage, als auch der Gem\u00fctszustand des Massierenden auf das Baby \u00fcbertr\u00e4gt, beinhaltet jede Babymassagestunde immer eine kurze Entspannungssequenz f\u00fcr die Mama oder den Papa. Dadurch entspannen sich nicht nur die Eltern sondern auch das Baby und die Ber\u00fchrung wird intensiver erlebbar.<\/p>\n","protected":false},"excerpt":{"rendered":"<p>bedeutet innige Momente &#8211; tiefe Blicke voller Liebe &#8211; sanfte Streicheleinheiten f\u00fcr die Seele Warum ist Babymassage so wichtig f\u00fcr uns und unser Kind? Babymassage st\u00e4rkt die Bindung zu unserem Kind, es &#8218;f\u00fchlt&#8216; sich sicher und geborgen. Uns Eltern macht es bewusst wie wir unser Kind ber\u00fchren und was unterschiedliche Ber\u00fchrungen ausl\u00f6sen k\u00f6nnen. Wir lernen &hellip; <\/p>\n<p class=\"link-more\"><a href=\"https:\/\/babykurse-neuengamme.de\/?page_id=19\" class=\"more-link\"><span class=\"screen-reader-text\">\u201eBabymassage\u201c<\/span> weiterlesen<\/a><\/p>\n","protected":false},"author":1,"featured_media":0,"parent":0,"menu_order":0,"comment_status":"closed","ping_status":"closed","template":"","meta":{"footnotes":""},"class_list":["post-19","page","type-page","status-publish","hentry"],"_links":{"self":[{"href":"https:\/\/babykurse-neuengamme.de\/index.php?rest_route=\/wp\/v2\/pages\/19","targetHints":{"allow":["GET"]}}],"collection":[{"href":"https:\/\/babykurse-neuengamme.de\/index.php?rest_route=\/wp\/v2\/pages"}],"about":[{"href":"https:\/\/babykurse-neuengamme.de\/index.php?rest_route=\/wp\/v2\/types\/page"}],"author":[{"embeddable":true,"href":"https:\/\/babykurse-neuengamme.de\/index.php?rest_route=\/wp\/v2\/users\/1"}],"replies":[{"embeddable":true,"href":"https:\/\/babykurse-neuengamme.de\/index.php?rest_route=%2Fwp%2Fv2%2Fcomments&post=19"}],"version-history":[{"count":16,"href":"https:\/\/babykurse-neuengamme.de\/index.php?rest_route=\/wp\/v2\/pages\/19\/revisions"}],"predecessor-version":[{"id":104,"href":"https:\/\/babykurse-neuengamme.de\/index.php?rest_route=\/wp\/v2\/pages\/19\/revisions\/104"}],"wp:attachment":[{"href":"https:\/\/babykurse-neuengamme.de\/index.php?rest_route=%2Fwp%2Fv2%2Fmedia&parent=19"}],"curies":[{"name":"wp","href":"https:\/\/api.w.org\/{rel}","templated":true}]}}