{"id":39,"date":"2018-01-08T16:48:08","date_gmt":"2018-01-08T16:48:08","guid":{"rendered":"http:\/\/babykurse-neuengamme.de\/?page_id=39"},"modified":"2018-02-01T22:04:02","modified_gmt":"2018-02-01T22:04:02","slug":"startseite","status":"publish","type":"page","link":"https:\/\/babykurse-neuengamme.de\/","title":{"rendered":"Herzlich Willkommen!"},"content":{"rendered":"<h1>bei Babykurse mit Herz\u00a0\u00a0\u00a0\u00a0\u00a0\u00a0\u00a0\u00a0\u00a0\u00a0\u00a0\u00a0\u00a0\u00a0\u00a0\u00a0 <img loading=\"lazy\" decoding=\"async\" class=\"wp-image-63 size-full alignnone\" src=\"https:\/\/babykurse-neuengamme.de\/wp-content\/uploads\/2018\/01\/herz-e1515442608918.png\" alt=\"\" width=\"75\" height=\"76\" \/><\/h1>\n<p>&nbsp;<\/p>\n<p>Mein Name ist Claudia D\u00f6rdelmann,\u00a0 ich bin verheiratet und Mama von einem Sohn. Als zertifizierte Gruppenleiterin f\u00fcr Babymassagekurse und pharmazeutisch technische Assistentin biete ich<\/p>\n<h3>Babymassage &amp; Aktive Babykurse<\/h3>\n<p>&nbsp;<\/p>\n<p>an. In gem\u00fctlichem Rahmen gebe ich Euch die M\u00f6glichkeit, Eure Babys durch &#8218;Babymassage&#8216; besser kennen zu lernen und ihnen den Start in die Welt zu erleichtern und im &#8218;Aktive Baby Kurs&#8216; mit Spa\u00df und Spiel die Welt mit ihnen zu Entdecken.<\/p>\n<p>In den Babykursen haben die Babys und Mamas\/Papas die M\u00f6glichkeit Kontakte mit anderen zu kn\u00fcpfen.<\/p>\n<p>Wer viel Spa\u00df und neue Anregungen f\u00fcr zu Hause bekommen m\u00f6chte kann sich in einem meiner Kurse unter :<\/p>\n<p>babykurse.neuengamme@gmail.com anmelden.<\/p>\n<p>Bei R\u00fcckfragen k\u00f6nnt Ihr mich unter Tel. 0151\/50008151 erreichen.<\/p>\n<p>Ich freue mich auf Euch !<\/p>\n","protected":false},"excerpt":{"rendered":"<p>bei Babykurse mit Herz\u00a0\u00a0\u00a0\u00a0\u00a0\u00a0\u00a0\u00a0\u00a0\u00a0\u00a0\u00a0\u00a0\u00a0\u00a0\u00a0 &nbsp; Mein Name ist Claudia D\u00f6rdelmann,\u00a0 ich bin verheiratet und Mama von einem Sohn. Als zertifizierte Gruppenleiterin f\u00fcr Babymassagekurse und pharmazeutisch technische Assistentin biete ich Babymassage &amp; Aktive Babykurse &nbsp; an. In gem\u00fctlichem Rahmen gebe ich Euch die M\u00f6glichkeit, Eure Babys durch &#8218;Babymassage&#8216; besser kennen zu lernen und ihnen den Start &hellip; <\/p>\n<p class=\"link-more\"><a href=\"https:\/\/babykurse-neuengamme.de\/\" class=\"more-link\"><span class=\"screen-reader-text\">\u201eHerzlich Willkommen!\u201c<\/span> weiterlesen<\/a><\/p>\n","protected":false},"author":1,"featured_media":0,"parent":0,"menu_order":0,"comment_status":"closed","ping_status":"closed","template":"","meta":{"footnotes":""},"class_list":["post-39","page","type-page","status-publish","hentry"],"_links":{"self":[{"href":"https:\/\/babykurse-neuengamme.de\/index.php?rest_route=\/wp\/v2\/pages\/39","targetHints":{"allow":["GET"]}}],"collection":[{"href":"https:\/\/babykurse-neuengamme.de\/index.php?rest_route=\/wp\/v2\/pages"}],"about":[{"href":"https:\/\/babykurse-neuengamme.de\/index.php?rest_route=\/wp\/v2\/types\/page"}],"author":[{"embeddable":true,"href":"https:\/\/babykurse-neuengamme.de\/index.php?rest_route=\/wp\/v2\/users\/1"}],"replies":[{"embeddable":true,"href":"https:\/\/babykurse-neuengamme.de\/index.php?rest_route=%2Fwp%2Fv2%2Fcomments&post=39"}],"version-history":[{"count":11,"href":"https:\/\/babykurse-neuengamme.de\/index.php?rest_route=\/wp\/v2\/pages\/39\/revisions"}],"predecessor-version":[{"id":102,"href":"https:\/\/babykurse-neuengamme.de\/index.php?rest_route=\/wp\/v2\/pages\/39\/revisions\/102"}],"wp:attachment":[{"href":"https:\/\/babykurse-neuengamme.de\/index.php?rest_route=%2Fwp%2Fv2%2Fmedia&parent=39"}],"curies":[{"name":"wp","href":"https:\/\/api.w.org\/{rel}","templated":true}]}}