{"id":68,"date":"2018-01-08T21:16:53","date_gmt":"2018-01-08T21:16:53","guid":{"rendered":"http:\/\/babykurse-neuengamme.de\/?page_id=68"},"modified":"2023-10-27T08:16:48","modified_gmt":"2023-10-27T08:16:48","slug":"ueber-mich","status":"publish","type":"page","link":"https:\/\/babykurse-neuengamme.de\/?page_id=68","title":{"rendered":"\u00dcber mich"},"content":{"rendered":"<p><img loading=\"lazy\" decoding=\"async\" class=\"alignnone size-medium wp-image-88\" src=\"http:\/\/babykurse-neuengamme.de\/wp-content\/uploads\/2018\/01\/0R8F0043-300x200.jpg\" alt=\"\" width=\"300\" height=\"200\" srcset=\"https:\/\/babykurse-neuengamme.de\/wp-content\/uploads\/2018\/01\/0R8F0043-300x200.jpg 300w, https:\/\/babykurse-neuengamme.de\/wp-content\/uploads\/2018\/01\/0R8F0043-768x512.jpg 768w, https:\/\/babykurse-neuengamme.de\/wp-content\/uploads\/2018\/01\/0R8F0043.jpg 1000w\" sizes=\"auto, (max-width: 300px) 100vw, 300px\" \/><\/p>\n<p>Ich hei\u00dfe Claudia D\u00f6rdelmann, bin Jahrgang 1973, verheiratet und Mama von einem Sohn. Unsere kleine Familie wohnt in den wundersch\u00f6nen Vier &#8211; und Marschlanden in Hamburg.<\/p>\n<p>Meine Aus &#8211; und Weiterbildungen:<\/p>\n<p>Landwirtschaftlich technische Assistentin<\/p>\n<p>Pharmazeutisch technische Assistentin<\/p>\n<p>Zertifizierte Gruppenleiterin f\u00fcr Kursleitung Babymassage (Heidrun Clau\u00dfen)<\/p>\n<p>Breifrei &#8211; \u00dcbergang vom Stillen zu fester Nahrung<\/p>\n<p>Hygienemanagment<\/p>\n<p>Weiterbildung zum Umgang mit Gefahrstoffen<\/p>\n<p>Weiterbildung Antidiskriminierung<\/p>\n","protected":false},"excerpt":{"rendered":"<p>Ich hei\u00dfe Claudia D\u00f6rdelmann, bin Jahrgang 1973, verheiratet und Mama von einem Sohn. Unsere kleine Familie wohnt in den wundersch\u00f6nen Vier &#8211; und Marschlanden in Hamburg. Meine Aus &#8211; und Weiterbildungen: Landwirtschaftlich technische Assistentin Pharmazeutisch technische Assistentin Zertifizierte Gruppenleiterin f\u00fcr Kursleitung Babymassage (Heidrun Clau\u00dfen) Breifrei &#8211; \u00dcbergang vom Stillen zu fester Nahrung Hygienemanagment Weiterbildung zum &hellip; <\/p>\n<p class=\"link-more\"><a href=\"https:\/\/babykurse-neuengamme.de\/?page_id=68\" class=\"more-link\"><span class=\"screen-reader-text\">\u201e\u00dcber mich\u201c<\/span> weiterlesen<\/a><\/p>\n","protected":false},"author":1,"featured_media":0,"parent":0,"menu_order":0,"comment_status":"closed","ping_status":"closed","template":"","meta":{"footnotes":""},"class_list":["post-68","page","type-page","status-publish","hentry"],"_links":{"self":[{"href":"https:\/\/babykurse-neuengamme.de\/index.php?rest_route=\/wp\/v2\/pages\/68","targetHints":{"allow":["GET"]}}],"collection":[{"href":"https:\/\/babykurse-neuengamme.de\/index.php?rest_route=\/wp\/v2\/pages"}],"about":[{"href":"https:\/\/babykurse-neuengamme.de\/index.php?rest_route=\/wp\/v2\/types\/page"}],"author":[{"embeddable":true,"href":"https:\/\/babykurse-neuengamme.de\/index.php?rest_route=\/wp\/v2\/users\/1"}],"replies":[{"embeddable":true,"href":"https:\/\/babykurse-neuengamme.de\/index.php?rest_route=%2Fwp%2Fv2%2Fcomments&post=68"}],"version-history":[{"count":8,"href":"https:\/\/babykurse-neuengamme.de\/index.php?rest_route=\/wp\/v2\/pages\/68\/revisions"}],"predecessor-version":[{"id":270,"href":"https:\/\/babykurse-neuengamme.de\/index.php?rest_route=\/wp\/v2\/pages\/68\/revisions\/270"}],"wp:attachment":[{"href":"https:\/\/babykurse-neuengamme.de\/index.php?rest_route=%2Fwp%2Fv2%2Fmedia&parent=68"}],"curies":[{"name":"wp","href":"https:\/\/api.w.org\/{rel}","templated":true}]}}